{"id":236,"date":"2023-02-06T20:07:40","date_gmt":"2023-02-06T20:07:40","guid":{"rendered":"https:\/\/autona.ee\/veeb\/"},"modified":"2023-02-14T14:10:10","modified_gmt":"2023-02-14T14:10:10","slug":"veeb","status":"publish","type":"page","link":"https:\/\/autona.ee\/sv\/","title":{"rendered":"VEEB"},"content":{"rendered":"[vc_row css=&#8221;.vc_custom_1675714974797{background-image: url(https:\/\/autona.ee\/wp-content\/uploads\/2023\/02\/hero-bg-scaled.jpg?id=40) !important;background-position: center !important;background-repeat: no-repeat !important;background-size: cover !important;}&#8221; el_class=&#8221;main-title&#8221;][vc_column][vc_custom_heading text=&#8221;Import och export av nya och begagnade fordon&#8221; font_container=&#8221;tag:h1|font_size:50px|text_align:left|color:%23ffffff|line_height:63px&#8221; google_fonts=&#8221;font_family:Muli%3A300%2C300italic%2Cregular%2Citalic|font_style:400%20regular%3A400%3Anormal&#8221;][\/vc_column][\/vc_row][vc_row el_class=&#8221;second-row&#8221; section_id=&#8221;bestallning-av&#8221;][vc_column][vc_row_inner el_class=&#8221;ost&#8221;][vc_column_inner width=&#8221;2\/3&#8243;][vc_custom_heading text=&#8221;BEST\u00c4LLNING AV BILAR&#8221; font_container=&#8221;tag:h4|font_size:16px|text_align:left|color:%23c57e2c|line_height:22px&#8221; use_theme_fonts=&#8221;yes&#8221;][vc_column_text]Hos oss kan du best\u00e4lla det fordon som passar dig. Vi arbetar med f\u00f6rs\u00e4ljning och transport av personbilar, tung utrustning, vattenutrustning och andra transportmedel.<\/p>\n<p>Det finns flera s\u00e4tt att best\u00e4lla ett l\u00e4mpligt transportmedel fr\u00e5n oss. Vi samarbetar med m\u00e5nga stora \u00e5terf\u00f6rs\u00e4ljare och agenter i hela Europa![\/vc_column_text][\/vc_column_inner][vc_column_inner width=&#8221;1\/3&#8243;][vc_column_text]\n<ul>\n<li>Vali v\u00e4lja midagi meie laoseisust<\/li>\n<li>Fyll i best\u00e4llningsformul\u00e4ret<\/li>\n<li>Skicka oss den valda bilen<\/li>\n<\/ul>\n[\/vc_column_text][\/vc_column_inner][\/vc_row_inner][\/vc_column][\/vc_row][vc_row][vc_column]<div class=\"auto24__container\"><div class=\"auto24__wrapper\"><div class=\"auto24__posts\"><div class=\"auto24__post\"><a href=\"https:\/\/www.auto24.ee\/soidukid\/3916091\" target=\"_blank\" class=\"auto24__post-wrapper\"><div class=\"auto24__post-thumbnail\"><img loading=\"lazy\" decoding=\"async\" width=\"185\" height=\"128\" src=\"https:\/\/autona.ee\/wp-content\/uploads\/2023\/08\/Screenshot-2023-08-26-at-14.42.46.png\" class=\"attachment-228x128 size-228x128 wp-post-image\" alt=\"\" srcset=\"https:\/\/autona.ee\/wp-content\/uploads\/2023\/08\/Screenshot-2023-08-26-at-14.42.46.png 972w, https:\/\/autona.ee\/wp-content\/uploads\/2023\/08\/Screenshot-2023-08-26-at-14.42.46-300x208.png 300w, https:\/\/autona.ee\/wp-content\/uploads\/2023\/08\/Screenshot-2023-08-26-at-14.42.46-768x533.png 768w\" sizes=\"auto, (max-width: 185px) 100vw, 185px\" \/><\/div><div class=\"auto24__post-title\"><h3>BMW 750 L7<\/h3><\/div><div class=\"auto24__post-meta\"><div>\u00c5r:  1998<\/div><div>K\u00f6rstr\u00e4cka:  129000<\/div><\/div><div class=\"auto24__post-continue-reading\"><div>Ta reda p\u00e5 mer<\/div><\/div><\/a><\/div><div class=\"auto24__post\"><a href=\"https:\/\/www.auto24.ee\/soidukid\/3898041\" target=\"_blank\" class=\"auto24__post-wrapper\"><div class=\"auto24__post-thumbnail\"><img loading=\"lazy\" decoding=\"async\" width=\"172\" height=\"128\" src=\"https:\/\/autona.ee\/wp-content\/uploads\/2023\/08\/Screenshot-2023-08-26-at-14.41.12.png\" class=\"attachment-228x128 size-228x128 wp-post-image\" alt=\"\" srcset=\"https:\/\/autona.ee\/wp-content\/uploads\/2023\/08\/Screenshot-2023-08-26-at-14.41.12.png 1474w, https:\/\/autona.ee\/wp-content\/uploads\/2023\/08\/Screenshot-2023-08-26-at-14.41.12-300x223.png 300w, https:\/\/autona.ee\/wp-content\/uploads\/2023\/08\/Screenshot-2023-08-26-at-14.41.12-1024x763.png 1024w, https:\/\/autona.ee\/wp-content\/uploads\/2023\/08\/Screenshot-2023-08-26-at-14.41.12-768x572.png 768w, https:\/\/autona.ee\/wp-content\/uploads\/2023\/08\/Screenshot-2023-08-26-at-14.41.12-381x285.png 381w\" sizes=\"auto, (max-width: 172px) 100vw, 172px\" \/><\/div><div class=\"auto24__post-title\"><h3>Audi RS Q3 2.5 I5 20V<\/h3><\/div><div class=\"auto24__post-meta\"><div>\u00c5r:  2021\/03<\/div><div>K\u00f6rstr\u00e4cka:  39000<\/div><\/div><div class=\"auto24__post-continue-reading\"><div>Ta reda p\u00e5 mer<\/div><\/div><\/a><\/div><div class=\"auto24__post\"><a href=\"https:\/\/www.auto24.ee\/soidukid\/3927021\" target=\"_blank\" class=\"auto24__post-wrapper\"><div class=\"auto24__post-thumbnail\"><img loading=\"lazy\" decoding=\"async\" width=\"169\" height=\"128\" src=\"https:\/\/autona.ee\/wp-content\/uploads\/2023\/08\/Screenshot-2023-08-26-at-14.39.14.png\" class=\"attachment-228x128 size-228x128 wp-post-image\" alt=\"\" srcset=\"https:\/\/autona.ee\/wp-content\/uploads\/2023\/08\/Screenshot-2023-08-26-at-14.39.14.png 1396w, https:\/\/autona.ee\/wp-content\/uploads\/2023\/08\/Screenshot-2023-08-26-at-14.39.14-300x227.png 300w, https:\/\/autona.ee\/wp-content\/uploads\/2023\/08\/Screenshot-2023-08-26-at-14.39.14-1024x775.png 1024w, https:\/\/autona.ee\/wp-content\/uploads\/2023\/08\/Screenshot-2023-08-26-at-14.39.14-768x581.png 768w\" sizes=\"auto, (max-width: 169px) 100vw, 169px\" \/><\/div><div class=\"auto24__post-title\"><h3>Mercedes-Benz G63 MY2022<\/h3><\/div><div class=\"auto24__post-meta\"><div>\u00c5r:  2021\/11<\/div><div>K\u00f6rstr\u00e4cka:  22000<\/div><\/div><div class=\"auto24__post-continue-reading\"><div>Ta reda p\u00e5 mer<\/div><\/div><\/a><\/div><\/div><\/div><\/div>[\/vc_column][\/vc_row][vc_row][vc_column col_shadow=&#8221;&#8221; el_class=&#8221;btn&#8221;][vc_button title=&#8221;KONTAKTA GEMENSKAPEN&#8221; shape=&#8221;rounded&#8221; color=&#8221;custom&#8221; custom_font_size=&#8221;14px&#8221; custom_line_height=&#8221;28px&#8221; custom_font_weight=&#8221;700&#8243; custom_letter_spacing=&#8221;3px&#8221; custom_color=&#8221;#4caf50&#8243; custom_border_color=&#8221;#4caf50&#8243; custom_color_hover=&#8221;#15af1a&#8221; custom_border_color_hover=&#8221;#15af1a&#8221; icon_fontawesome=&#8221;fas fa-paper-plane&#8221; inline_button=&#8221;yes&#8221; css_animation=&#8221;fadeIn&#8221; add_icon=&#8221;true&#8221; href=&#8221;#kontakta-oss&#8221;][vc_button title=&#8221;KLICKA F\u00d6R ATT VISA&#8221; target=&#8221;_blank&#8221; shape=&#8221;rounded&#8221; color=&#8221;custom&#8221; custom_font_size=&#8221;14px&#8221; custom_line_height=&#8221;28px&#8221; custom_font_weight=&#8221;700&#8243; custom_letter_spacing=&#8221;3px&#8221; custom_text_color=&#8221;#4caf50&#8243; custom_color=&#8221;#ffffff&#8221; custom_border_color=&#8221;#4caf50&#8243; custom_color_hover=&#8221;#15af1a&#8221; custom_border_color_hover=&#8221;#15af1a&#8221; padding_lr=&#8221;30px&#8221; inline_button=&#8221;yes&#8221; css_animation=&#8221;fadeIn&#8221; href=&#8221;https:\/\/www.auto24.ee\/kasutatud\/nimekiri.php?bn=3&#038;a=100&#038;ac%5B0%5D=2179&#038;ae=8&#038;af=50&#8243; delay=&#8221;500&#8243;][\/vc_column][\/vc_row][vc_row layout=&#8221;stretch_row_content_no_spaces&#8221; eq_height=&#8221;yes&#8221; content_placement=&#8221;middle&#8221; section_id=&#8221;kopa&#8221; el_class=&#8221;autode-ost&#8221;][vc_column css_animation=&#8221;none&#8221; col_shadow=&#8221;&#8221; width=&#8221;1\/2&#8243; css=&#8221;.vc_custom_1676025267561{background-image: url(https:\/\/autona.ee\/wp-content\/uploads\/2023\/02\/auto-bg.jpg?id=51) !important;background-position: center !important;background-repeat: no-repeat !important;background-size: cover !important;}&#8221;][\/vc_column][vc_column css_animation=&#8221;none&#8221; col_shadow=&#8221;&#8221; width=&#8221;1\/2&#8243; css=&#8221;.vc_custom_1676033179814{background-color: #2d7c5d !important;}&#8221;][vc_row_inner][vc_column_inner el_class=&#8221;autode-ost-inner&#8221;][vc_custom_heading text=&#8221;INK\u00d6P AV FORDON&#8221; font_container=&#8221;tag:h4|font_size:16px|text_align:left|color:%23fcab4d|line_height:22px&#8221; use_theme_fonts=&#8221;yes&#8221;][vc_column_text]\n<h2>Vi ger dig ett r\u00e4ttvist pris f\u00f6r din bil. <span style=\"color: #4caf50;\">Snabb sak<\/span><\/h2>\n<p>\u00c4r du p\u00e5 v\u00e4g att v\u00e4lja ett nytt fordon men vill s\u00e4lja ditt befintliga fordon innan du k\u00f6per det?<\/p>\n<p>Vi vet alla att \u00e5terf\u00f6rs\u00e4ljare av veteranbilar erbjuder extremt l\u00e5ga priser f\u00f6r ditt fordon, ofta s\u00e5 l\u00e5ga som 70 % av dess marknadsv\u00e4rde.<\/p>\n<p>Eftersom vi har ett mycket stort n\u00e4tverk kan vi definitivt k\u00f6pa och s\u00e4lja ditt fordon till ett b\u00e4ttre pris. Fyll i formul\u00e4ret f\u00f6r att erbjuda oss ditt fordon.[\/vc_column_text][vc_raw_html]JTVCcG9wdXBfYW55dGhpbmclMjBpZCUzRCUyMjIyMyUyMiU1RA==[\/vc_raw_html][\/vc_column_inner][\/vc_row_inner][\/vc_column][\/vc_row][vc_row section_id=&#8221;grossist&#8221; el_class=&#8221;hulgimuuk&#8221;][vc_column][vc_custom_heading text=&#8221;GROSSHANDEL&#8221; font_container=&#8221;tag:h4|font_size:16px|text_align:center|color:%23c57e2c|line_height:22px&#8221; use_theme_fonts=&#8221;yes&#8221;][vc_column_text]\n<h2 style=\"text-align: center;\">Vill du ha fler fordon?<br \/>\n<span style=\"color: #d1af89;\">Inga problem<\/span><\/h2>\n<p style=\"text-align: center;\">Om du har en bilverkstad eller ett f\u00f6retag som dagligen f\u00f6rvaltar en stor bilpark kan du kontakta oss s\u00e5 ska vi g\u00f6ra v\u00e5rt b\u00e4sta f\u00f6r att ge dig den b\u00e4sta servicen.<\/p>\n[\/vc_column_text][vc_button title=&#8221;KONTAKTA GEMENSKAPEN&#8221; shape=&#8221;rounded&#8221; color=&#8221;custom&#8221; custom_font_size=&#8221;14px&#8221; custom_line_height=&#8221;28px&#8221; custom_font_weight=&#8221;700&#8243; custom_letter_spacing=&#8221;3px&#8221; custom_color=&#8221;#4caf50&#8243; custom_border_color=&#8221;#4caf50&#8243; custom_color_hover=&#8221;#15af1a&#8221; custom_border_color_hover=&#8221;#15af1a&#8221; icon_fontawesome=&#8221;fas fa-paper-plane&#8221; css_animation=&#8221;fadeIn&#8221; add_icon=&#8221;true&#8221; href=&#8221;#kontakta-oss&#8221;][\/vc_column][\/vc_row][vc_row css=&#8221;.vc_custom_1676050432705{background-image: url(https:\/\/autona.ee\/wp-content\/uploads\/2023\/02\/logistika-bg.jpg?id=53) !important;}&#8221; section_id=&#8221;transport&#8221; el_class=&#8221;transport&#8221;][vc_column][vc_custom_heading text=&#8221;TRANSPORT OCH LOGISTIK&#8221; font_container=&#8221;tag:h4|font_size:16px|text_align:center|color:%23fcab4d|line_height:22px&#8221; use_theme_fonts=&#8221;yes&#8221;][vc_column_text]\n<h2 style=\"text-align: center;\">Fr\u00e5n Estland till <span style=\"color: #4caf50;\">Nice<\/span><\/h2>\n<p style=\"text-align: center;\">Vi har m\u00e5nga \u00e5rs erfarenhet av logistik och transport av olika fordon \u00f6ver hela v\u00e4rlden. Det spelar ingen roll f\u00f6r oss om fordonet \u00e4r en motorcykel, en yacht, en personbil eller en lastbil. Vi \u00e4r s\u00e4rskilt starka i Skandinavien. Vi kan dock \u00e4ven erbjuda biltransporter till semesterorter (franska rivieran, s\u00f6dra Spanien osv.).<\/p>\n[\/vc_column_text][vc_row_inner][vc_column_inner width=&#8221;1\/3&#8243;][vc_single_image image=&#8221;54&#8243; img_size=&#8221;full&#8221; alignment=&#8221;center&#8221;][\/vc_column_inner][vc_column_inner width=&#8221;1\/3&#8243;][vc_single_image image=&#8221;55&#8243; img_size=&#8221;full&#8221; alignment=&#8221;center&#8221;][\/vc_column_inner][vc_column_inner width=&#8221;1\/3&#8243;][vc_single_image image=&#8221;56&#8243; img_size=&#8221;full&#8221; alignment=&#8221;center&#8221;][\/vc_column_inner][\/vc_row_inner][\/vc_column][\/vc_row][vc_row section_id=&#8221;kontakta-oss&#8221; el_class=&#8221;kontakt&#8221;][vc_column][vc_custom_heading text=&#8221;AUTONA O\u00dc&#8221; font_container=&#8221;tag:h4|font_size:16px|text_align:center|color:%23c57e2c|line_height:22px&#8221; use_theme_fonts=&#8221;yes&#8221;][vc_column_text]\n<h2 style=\"text-align: center;\">Du \u00e4r v\u00e4lkommen att kontakta<\/h2>\n[\/vc_column_text][vc_row_inner][vc_column_inner width=&#8221;1\/4&#8243;][\/vc_column_inner][vc_column_inner width=&#8221;1\/4&#8243;][vc_column_text el_class=&#8221;people&#8221;]\n<p style=\"text-align: center;\"><strong>Lasse Hurt<\/strong><br \/>\n+372 5693 5035<br \/>\ninfo@autona.ee<\/p>\n[\/vc_column_text][\/vc_column_inner][vc_column_inner width=&#8221;1\/4&#8243;][vc_column_text el_class=&#8221;people&#8221;]\n<p style=\"text-align: center;\"><strong>Peeter Lind<\/strong><br \/>\n+372 504 1698<br \/>\ninfo@autona.ee<\/p>\n[\/vc_column_text][\/vc_column_inner][vc_column_inner width=&#8221;1\/4&#8243;][\/vc_column_inner][\/vc_row_inner]<div class=\"creativo_cf7 cf_scope_1 full_width none\"><style type=\"text\/css\" scoped=\"scoped\">.creativo_cf7.cf_scope_1{padding:20px;border-radius:0px;background-color:;width:70%;margin:0 auto;}.cf_scope_1 input,\r\n\t\t\t\t\t\t\t\t.cf_scope_1 textarea,\r\n\t\t\t\t\t\t\t\t.cf_scope_1 select {padding:10px;}.cf_scope_1 .wpcf7 {color:#7c938b;font-size:14px;}.cf_scope_1 input:not([type=\"submit\"]), .cf_scope_1 textarea, .cf_scope_1 select {font-size:14px; line-height: normal;background-color:#d1e2dc;border-width:0px;border-radius:0px;border-color:#cccccc;color:#b2b2b6;}.cf_scope_1 input:focus, .cf_scope_1 select:focus, .cf_scope_1 select:hover, .cf_scope_1 textarea:focus, .cf_scope_1 input:not([type=\"submit\"]):hover, .cf_scope_1 textarea:hover{background-color:#def2e6;border-color:#cccccc;color:#555555;}.cf_scope_1 textarea {height:120px;}.cf_scope_1 .wpcf7-submit, .cf_scope_1 .wpcf7-submit:focus {border: 1px solid #ccc;background-color:#4caf50;border-color:#4caf50;color:#ffffff;font-size:14px;font-weight:700;padding-top:10px;padding-bottom:10px;margin-top:10px; margin-right: 0; margin-bottom:0;text-align: center;line-height: 13px;border-radius:4px;margin:10px auto 0 auto; display:block;padding-left:12px;padding-right:12px;transition: all 0.2s ease-in-out; -webkit-transition: all 0.2s ease-in-out;}.cf_scope_1 .wpcf7-submit:hover {background-color:#24af29;border-color:#24af29;color:#ffffff;}@media (max-width: 640px) {.creativo_cf7.cf_scope_1 {width: 100%;}}<\/style>\n<div class=\"wpcf7 no-js\" id=\"wpcf7-f214-o1\" lang=\"et\" dir=\"ltr\">\n<div class=\"screen-reader-response\"><p role=\"status\" aria-live=\"polite\" aria-atomic=\"true\"><\/p> <ul><\/ul><\/div>\n<form action=\"\/sv\/wp-json\/wp\/v2\/pages\/236#wpcf7-f214-o1\" method=\"post\" class=\"wpcf7-form init\" aria-label=\"Contact form\" novalidate=\"novalidate\" data-status=\"init\">\n<div style=\"display: none;\">\n<input type=\"hidden\" name=\"_wpcf7\" value=\"214\" \/>\n<input type=\"hidden\" name=\"_wpcf7_version\" value=\"5.7.3\" \/>\n<input type=\"hidden\" name=\"_wpcf7_locale\" value=\"et\" \/>\n<input type=\"hidden\" name=\"_wpcf7_unit_tag\" value=\"wpcf7-f214-o1\" \/>\n<input type=\"hidden\" name=\"_wpcf7_container_post\" value=\"0\" \/>\n<input type=\"hidden\" name=\"_wpcf7_posted_data_hash\" value=\"\" \/>\n<input type=\"hidden\" name=\"_wpcf7_recaptcha_response\" value=\"\" \/>\n<\/div>\n<div class=\"vormi-valjad\">\n\t<div>\n\t\t<p><span class=\"wpcf7-form-control-wrap\" data-name=\"text-562\"><input size=\"40\" class=\"wpcf7-form-control wpcf7-text\" aria-invalid=\"false\" placeholder=\"Ditt namn\" value=\"\" type=\"text\" name=\"text-562\" \/><\/span>\n\t\t<\/p>\n\t<\/div>\n\t<div>\n\t\t<p><span class=\"wpcf7-form-control-wrap\" data-name=\"text-563\"><input size=\"40\" class=\"wpcf7-form-control wpcf7-text wpcf7-validates-as-required\" aria-required=\"true\" aria-invalid=\"false\" placeholder=\"Din telefon*\" value=\"\" type=\"text\" name=\"text-563\" \/><\/span>\n\t\t<\/p>\n\t<\/div>\n\t<div>\n\t\t<p><span class=\"wpcf7-form-control-wrap\" data-name=\"text-564\"><input size=\"40\" class=\"wpcf7-form-control wpcf7-text wpcf7-validates-as-required\" aria-required=\"true\" aria-invalid=\"false\" placeholder=\"Din e-postadress*\" value=\"\" type=\"text\" name=\"text-564\" \/><\/span>\n\t\t<\/p>\n\t<\/div>\n<\/div>\n<p><span class=\"wpcf7-form-control-wrap\" data-name=\"textarea-92\"><textarea cols=\"40\" rows=\"10\" class=\"wpcf7-form-control wpcf7-textarea wpcf7-validates-as-required\" aria-required=\"true\" aria-invalid=\"false\" placeholder=\"Inneh\u00e5llet i skrivelsen\" name=\"textarea-92\"><\/textarea><\/span><br \/>\n<input class=\"wpcf7-form-control has-spinner wpcf7-submit send-btn\" type=\"submit\" value=\"Send email\" \/>\n<\/p><div class=\"wpcf7-response-output\" aria-hidden=\"true\"><\/div>\n<\/form>\n<\/div>\n<\/div>[\/vc_column][\/vc_row]\n","protected":false},"excerpt":{"rendered":"<p>[vc_row css=&#8221;.vc_custom_1675714974797{background-image: url(https:\/\/autona.ee\/wp-content\/uploads\/2023\/02\/hero-bg-scaled.jpg?id=40) !important;background-position: center !important;background-repeat: no-repeat !important;background-size: cover !important;}&#8221; el_class=&#8221;main-title&#8221;][vc_column][vc_custom_heading text=&#8221;Import och export av nya och begagnade fordon&#8221; font_container=&#8221;tag:h1|font_size:50px|text_align:left|color:%23ffffff|line_height:63px&#8221; google_fonts=&#8221;font_family:Muli%3A300%2C300italic%2Cregular%2Citalic|font_style:400%20regular%3A400%3Anormal&#8221;][\/vc_column][\/vc_row][vc_row el_class=&#8221;second-row&#8221; section_id=&#8221;bestallning-av&#8221;][vc_column][vc_row_inner el_class=&#8221;ost&#8221;][vc_column_inner width=&#8221;2\/3&#8243;][vc_custom_heading text=&#8221;BEST\u00c4LLNING AV BILAR&#8221; font_container=&#8221;tag:h4|font_size:16px|text_align:left|color:%23c57e2c|line_height:22px&#8221; use_theme_fonts=&#8221;yes&#8221;][vc_column_text]Hos oss kan du best\u00e4lla det fordon som passar dig. Vi arbetar med f\u00f6rs\u00e4ljning och transport av personbilar, tung utrustning, vattenutrustning och andra transportmedel. Det finns&#8230;<\/p>\n","protected":false},"author":1,"featured_media":0,"parent":0,"menu_order":0,"comment_status":"closed","ping_status":"closed","template":"page-full.php","meta":{"footnotes":""},"class_list":["post-236","page","type-page","status-publish","hentry"],"acf":[],"_links":{"self":[{"href":"https:\/\/autona.ee\/sv\/wp-json\/wp\/v2\/pages\/236","targetHints":{"allow":["GET"]}}],"collection":[{"href":"https:\/\/autona.ee\/sv\/wp-json\/wp\/v2\/pages"}],"about":[{"href":"https:\/\/autona.ee\/sv\/wp-json\/wp\/v2\/types\/page"}],"author":[{"embeddable":true,"href":"https:\/\/autona.ee\/sv\/wp-json\/wp\/v2\/users\/1"}],"replies":[{"embeddable":true,"href":"https:\/\/autona.ee\/sv\/wp-json\/wp\/v2\/comments?post=236"}],"version-history":[{"count":6,"href":"https:\/\/autona.ee\/sv\/wp-json\/wp\/v2\/pages\/236\/revisions"}],"predecessor-version":[{"id":336,"href":"https:\/\/autona.ee\/sv\/wp-json\/wp\/v2\/pages\/236\/revisions\/336"}],"wp:attachment":[{"href":"https:\/\/autona.ee\/sv\/wp-json\/wp\/v2\/media?parent=236"}],"curies":[{"name":"wp","href":"https:\/\/api.w.org\/{rel}","templated":true}]}}