{"id":226,"date":"2023-02-06T20:07:40","date_gmt":"2023-02-06T20:07:40","guid":{"rendered":"https:\/\/autona.ee\/veeb\/"},"modified":"2023-02-14T14:09:43","modified_gmt":"2023-02-14T14:09:43","slug":"veeb","status":"publish","type":"page","link":"https:\/\/autona.ee\/de\/","title":{"rendered":"VEEB"},"content":{"rendered":"[vc_row css=&#8220;.vc_custom_1675714974797{background-image: url(https:\/\/autona.ee\/wp-content\/uploads\/2023\/02\/hero-bg-scaled.jpg?id=40) !important;background-position: center !important;background-repeat: no-repeat !important;background-size: cover !important;}&#8220; el_class=&#8220;main-title&#8220;][vc_column][vc_custom_heading text=&#8220;Importe und Exporte von Neu- und Gebrauchtfahrzeugen&#8220; font_container=&#8220;tag:h1|font_size:50px|text_align:left|color:%23ffffff|line_height:63px&#8220; google_fonts=&#8220;font_family:Muli%3A300%2C300italic%2Cregular%2Citalic|font_style:400%20regular%3A400%3Anormal&#8220;][\/vc_column][\/vc_row][vc_row el_class=&#8220;second-row&#8220; section_id=&#8220;bestellung&#8220;][vc_column][vc_row_inner el_class=&#8220;ost&#8220;][vc_column_inner width=&#8220;2\/3&#8243;][vc_custom_heading text=&#8220;AUTO-BESTELLUNG&#8220; font_container=&#8220;tag:h4|font_size:16px|text_align:left|color:%23c57e2c|line_height:22px&#8220; use_theme_fonts=&#8220;yes&#8220;][vc_column_text]Bei uns k\u00f6nnen Sie das f\u00fcr Sie passende Fahrzeug bestellen. Wir besch\u00e4ftigen uns mit dem Verkauf und Transport von Personenkraftwagen, schwerem Ger\u00e4t, Wasserfahrzeugen und anderen Transportmitteln.<\/p>\n<p>Es gibt mehrere M\u00f6glichkeiten, ein geeignetes Transportmittel bei uns zu bestellen. Wir arbeiten mit vielen gro\u00dfen H\u00e4ndlern und Agenten in ganz Europa zusammen![\/vc_column_text][\/vc_column_inner][vc_column_inner width=&#8220;1\/3&#8243;][vc_column_text]\n<ul>\n<li>W\u00e4hlen Sie etwas aus unserem Angebot<\/li>\n<li>F\u00fcllen Sie das Bestellformular aus<\/li>\n<li>Senden Sie uns das ausgew\u00e4hlte Auto<\/li>\n<\/ul>\n[\/vc_column_text][\/vc_column_inner][\/vc_row_inner][\/vc_column][\/vc_row][vc_row][vc_column]<div class=\"auto24__container\"><div class=\"auto24__wrapper\"><div class=\"auto24__posts\"><div class=\"auto24__post\"><a href=\"https:\/\/www.auto24.ee\/soidukid\/3916091\" target=\"_blank\" class=\"auto24__post-wrapper\"><div class=\"auto24__post-thumbnail\"><img loading=\"lazy\" decoding=\"async\" width=\"185\" height=\"128\" src=\"https:\/\/autona.ee\/wp-content\/uploads\/2023\/08\/Screenshot-2023-08-26-at-14.42.46.png\" class=\"attachment-228x128 size-228x128 wp-post-image\" alt=\"\" srcset=\"https:\/\/autona.ee\/wp-content\/uploads\/2023\/08\/Screenshot-2023-08-26-at-14.42.46.png 972w, https:\/\/autona.ee\/wp-content\/uploads\/2023\/08\/Screenshot-2023-08-26-at-14.42.46-300x208.png 300w, https:\/\/autona.ee\/wp-content\/uploads\/2023\/08\/Screenshot-2023-08-26-at-14.42.46-768x533.png 768w\" sizes=\"auto, (max-width: 185px) 100vw, 185px\" \/><\/div><div class=\"auto24__post-title\"><h3>BMW 750 L7<\/h3><\/div><div class=\"auto24__post-meta\"><div>Jahr:  1998<\/div><div>Kilometerstand: 129000<\/div><\/div><div class=\"auto24__post-continue-reading\"><div>Weitere Informationen<\/div><\/div><\/a><\/div><div class=\"auto24__post\"><a href=\"https:\/\/www.auto24.ee\/soidukid\/3898041\" target=\"_blank\" class=\"auto24__post-wrapper\"><div class=\"auto24__post-thumbnail\"><img loading=\"lazy\" decoding=\"async\" width=\"172\" height=\"128\" src=\"https:\/\/autona.ee\/wp-content\/uploads\/2023\/08\/Screenshot-2023-08-26-at-14.41.12.png\" class=\"attachment-228x128 size-228x128 wp-post-image\" alt=\"\" srcset=\"https:\/\/autona.ee\/wp-content\/uploads\/2023\/08\/Screenshot-2023-08-26-at-14.41.12.png 1474w, https:\/\/autona.ee\/wp-content\/uploads\/2023\/08\/Screenshot-2023-08-26-at-14.41.12-300x223.png 300w, https:\/\/autona.ee\/wp-content\/uploads\/2023\/08\/Screenshot-2023-08-26-at-14.41.12-1024x763.png 1024w, https:\/\/autona.ee\/wp-content\/uploads\/2023\/08\/Screenshot-2023-08-26-at-14.41.12-768x572.png 768w, https:\/\/autona.ee\/wp-content\/uploads\/2023\/08\/Screenshot-2023-08-26-at-14.41.12-381x285.png 381w\" sizes=\"auto, (max-width: 172px) 100vw, 172px\" \/><\/div><div class=\"auto24__post-title\"><h3>Audi RS Q3 2.5 I5 20V<\/h3><\/div><div class=\"auto24__post-meta\"><div>Jahr:  2021\/03<\/div><div>Kilometerstand: 39000<\/div><\/div><div class=\"auto24__post-continue-reading\"><div>Weitere Informationen<\/div><\/div><\/a><\/div><div class=\"auto24__post\"><a href=\"https:\/\/www.auto24.ee\/soidukid\/3927021\" target=\"_blank\" class=\"auto24__post-wrapper\"><div class=\"auto24__post-thumbnail\"><img loading=\"lazy\" decoding=\"async\" width=\"169\" height=\"128\" src=\"https:\/\/autona.ee\/wp-content\/uploads\/2023\/08\/Screenshot-2023-08-26-at-14.39.14.png\" class=\"attachment-228x128 size-228x128 wp-post-image\" alt=\"\" srcset=\"https:\/\/autona.ee\/wp-content\/uploads\/2023\/08\/Screenshot-2023-08-26-at-14.39.14.png 1396w, https:\/\/autona.ee\/wp-content\/uploads\/2023\/08\/Screenshot-2023-08-26-at-14.39.14-300x227.png 300w, https:\/\/autona.ee\/wp-content\/uploads\/2023\/08\/Screenshot-2023-08-26-at-14.39.14-1024x775.png 1024w, https:\/\/autona.ee\/wp-content\/uploads\/2023\/08\/Screenshot-2023-08-26-at-14.39.14-768x581.png 768w\" sizes=\"auto, (max-width: 169px) 100vw, 169px\" \/><\/div><div class=\"auto24__post-title\"><h3>Mercedes-Benz G63 MY2022<\/h3><\/div><div class=\"auto24__post-meta\"><div>Jahr:  2021\/11<\/div><div>Kilometerstand: 22000<\/div><\/div><div class=\"auto24__post-continue-reading\"><div>Weitere Informationen<\/div><\/div><\/a><\/div><\/div><\/div><\/div>[\/vc_column][\/vc_row][vc_row][vc_column col_shadow=&#8220;&#8220; el_class=&#8220;btn&#8220;][vc_button title=&#8220;KONTAKTAUFNAHME MIT DER GEMEINSCHAFT&#8220; shape=&#8220;rounded&#8220; color=&#8220;custom&#8220; custom_font_size=&#8220;14px&#8220; custom_line_height=&#8220;28px&#8220; custom_font_weight=&#8220;700&#8243; custom_letter_spacing=&#8220;3px&#8220; custom_color=&#8220;#4caf50&#8243; custom_border_color=&#8220;#4caf50&#8243; custom_color_hover=&#8220;#15af1a&#8220; custom_border_color_hover=&#8220;#15af1a&#8220; icon_fontawesome=&#8220;fas fa-paper-plane&#8220; inline_button=&#8220;yes&#8220; css_animation=&#8220;fadeIn&#8220; add_icon=&#8220;true&#8220; href=&#8220;#kontakt-uns&#8220;][vc_button title=&#8220;Mehr sehen&#8220; target=&#8220;_blank&#8220; shape=&#8220;rounded&#8220; color=&#8220;custom&#8220; custom_font_size=&#8220;14px&#8220; custom_line_height=&#8220;28px&#8220; custom_font_weight=&#8220;700&#8243; custom_letter_spacing=&#8220;3px&#8220; custom_text_color=&#8220;#4caf50&#8243; custom_color=&#8220;#ffffff&#8220; custom_border_color=&#8220;#4caf50&#8243; custom_color_hover=&#8220;#15af1a&#8220; custom_border_color_hover=&#8220;#15af1a&#8220; padding_lr=&#8220;30px&#8220; inline_button=&#8220;yes&#8220; css_animation=&#8220;fadeIn&#8220; href=&#8220;https:\/\/www.auto24.ee\/kasutatud\/nimekiri.php?bn=3&#038;a=100&#038;ac%5B0%5D=2179&#038;ae=8&#038;af=50&#8243; delay=&#8220;500&#8243;][\/vc_column][\/vc_row][vc_row layout=&#8220;stretch_row_content_no_spaces&#8220; eq_height=&#8220;yes&#8220; content_placement=&#8220;middle&#8220; section_id=&#8220;kaufen&#8220; el_class=&#8220;autode-ost&#8220;][vc_column css_animation=&#8220;none&#8220; col_shadow=&#8220;&#8220; width=&#8220;1\/2&#8243; css=&#8220;.vc_custom_1676025267561{background-image: url(https:\/\/autona.ee\/wp-content\/uploads\/2023\/02\/auto-bg.jpg?id=51) !important;background-position: center !important;background-repeat: no-repeat !important;background-size: cover !important;}&#8220;][\/vc_column][vc_column css_animation=&#8220;none&#8220; col_shadow=&#8220;&#8220; width=&#8220;1\/2&#8243; css=&#8220;.vc_custom_1676033179814{background-color: #2d7c5d !important;}&#8220;][vc_row_inner][vc_column_inner el_class=&#8220;autode-ost-inner&#8220;][vc_custom_heading text=&#8220;WIR KAUFEN AUTOS&#8220; font_container=&#8220;tag:h4|font_size:16px|text_align:left|color:%23fcab4d|line_height:22px&#8220; use_theme_fonts=&#8220;yes&#8220;][vc_column_text]\n<h2>Wir machen Ihnen einen fairen Preis f\u00fcr Ihr Auto. <span style=\"color: #4caf50;\">Schnelle Transaktion<\/span><\/h2>\n<p>Sie sind dabei, sich ein neues Fahrzeug auszusuchen, m\u00f6chten aber Ihr altes Fahrzeug vor dem Kauf verkaufen?<\/p>\n<p>Wir alle wissen, dass Oldtimer-H\u00e4ndler extrem niedrige Preise f\u00fcr Ihr Fahrzeug anbieten, oft bis zu 70 % des Marktwertes.<\/p>\n<p>Da wir \u00fcber ein sehr gro\u00dfes Netzwerk verf\u00fcgen, k\u00f6nnen wir Ihr Fahrzeug definitiv zu einem besseren Preis kaufen und verkaufen. Um uns Ihr Fahrzeug anzubieten, f\u00fcllen Sie bitte das Formular aus.[\/vc_column_text][vc_raw_html]W3BvcHVwX2FueXRoaW5nIGlkPSIyMjQiXQ==[\/vc_raw_html][\/vc_column_inner][\/vc_row_inner][\/vc_column][\/vc_row][vc_row section_id=&#8220;grobhandel&#8220; el_class=&#8220;hulgimuuk&#8220;][vc_column][vc_custom_heading text=&#8220;GROSSHANDEL&#8220; font_container=&#8220;tag:h4|font_size:16px|text_align:center|color:%23c57e2c|line_height:22px&#8220; use_theme_fonts=&#8220;yes&#8220;][vc_column_text]\n<h2 style=\"text-align: center;\">Sie wollen mehr Fahrzeuge?<br \/>\n<span style=\"color: #d1af89;\">Kein Problem<\/span><\/h2>\n<p style=\"text-align: center;\">Wenn Sie eine Autowerkstatt oder ein Unternehmen haben, das t\u00e4glich einen gro\u00dfen Fuhrpark verwaltet, wenden Sie sich bitte an uns und wir werden unser Bestes tun, um Ihnen den besten Service zu bieten.<\/p>\n[\/vc_column_text][vc_button title=&#8220;KONTAKTAUFNAHME MIT DER GEMEINSCHAFT&#8220; shape=&#8220;rounded&#8220; color=&#8220;custom&#8220; custom_font_size=&#8220;14px&#8220; custom_line_height=&#8220;28px&#8220; custom_font_weight=&#8220;700&#8243; custom_letter_spacing=&#8220;3px&#8220; custom_color=&#8220;#4caf50&#8243; custom_border_color=&#8220;#4caf50&#8243; custom_color_hover=&#8220;#15af1a&#8220; custom_border_color_hover=&#8220;#15af1a&#8220; icon_fontawesome=&#8220;fas fa-paper-plane&#8220; css_animation=&#8220;fadeIn&#8220; add_icon=&#8220;true&#8220; href=&#8220;#kontakt-uns&#8220;][\/vc_column][\/vc_row][vc_row css=&#8220;.vc_custom_1676049233568{background-image: url(https:\/\/autona.ee\/wp-content\/uploads\/2023\/02\/logistika-bg.jpg?id=53) !important;}&#8220; section_id=&#8220;transportieren&#8220; el_class=&#8220;transport&#8220;][vc_column][vc_custom_heading text=&#8220;TRANSPORT UND LOGISTIK&#8220; font_container=&#8220;tag:h4|font_size:16px|text_align:center|color:%23fcab4d|line_height:22px&#8220; use_theme_fonts=&#8220;yes&#8220;][vc_column_text]\n<h2 style=\"text-align: center;\">Von Estland nach <span style=\"color: #4caf50;\">Nizza<\/span><\/h2>\n<p style=\"text-align: center;\">Wir verf\u00fcgen \u00fcber langj\u00e4hrige Erfahrung in der Logistik und im Transport von verschiedenen Fahrzeugen in der ganzen Welt. Ob es sich dabei um ein Motorrad, eine Yacht, einen Pkw oder einen Lkw handelt, ist f\u00fcr uns unerheblich. Besonders stark sind wir in Skandinavien. Wir k\u00f6nnen aber auch Autotransporte zu Urlaubszielen (C\u00f4te d&#8217;Azur, S\u00fcdspanien usw.) anbieten.<\/p>\n[\/vc_column_text][vc_row_inner][vc_column_inner width=&#8220;1\/3&#8243;][vc_single_image image=&#8220;54&#8243; img_size=&#8220;full&#8220; alignment=&#8220;center&#8220;][\/vc_column_inner][vc_column_inner width=&#8220;1\/3&#8243;][vc_single_image image=&#8220;55&#8243; img_size=&#8220;full&#8220; alignment=&#8220;center&#8220;][\/vc_column_inner][vc_column_inner width=&#8220;1\/3&#8243;][vc_single_image image=&#8220;56&#8243; img_size=&#8220;full&#8220; alignment=&#8220;center&#8220;][\/vc_column_inner][\/vc_row_inner][\/vc_column][\/vc_row][vc_row section_id=&#8220;kontakt-uns&#8220; el_class=&#8220;kontakt&#8220;][vc_column][vc_custom_heading text=&#8220;AUTONA O\u00dc&#8220; font_container=&#8220;tag:h4|font_size:16px|text_align:center|color:%23c57e2c|line_height:22px&#8220; use_theme_fonts=&#8220;yes&#8220;][vc_column_text]\n<h2 style=\"text-align: center;\">Sie k\u00f6nnen sich an folgende Stellen wenden<\/h2>\n[\/vc_column_text][vc_row_inner][vc_column_inner width=&#8220;1\/4&#8243;][\/vc_column_inner][vc_column_inner width=&#8220;1\/4&#8243;][vc_column_text el_class=&#8220;people&#8220;]\n<p style=\"text-align: center;\"><strong>Lasse Hurt<\/strong><br \/>\n+372 5693 5035<br \/>\ninfo@autona.ee<\/p>\n[\/vc_column_text][\/vc_column_inner][vc_column_inner width=&#8220;1\/4&#8243;][vc_column_text el_class=&#8220;people&#8220;]\n<p style=\"text-align: center;\"><strong>Peeter Lind<\/strong><br \/>\n+372 504 1698<br \/>\ninfo@autona.ee<\/p>\n[\/vc_column_text][\/vc_column_inner][vc_column_inner width=&#8220;1\/4&#8243;][\/vc_column_inner][\/vc_row_inner]<div class=\"creativo_cf7 cf_scope_1 full_width none\"><style type=\"text\/css\" scoped=\"scoped\">.creativo_cf7.cf_scope_1{padding:20px;border-radius:0px;background-color:;width:70%;margin:0 auto;}.cf_scope_1 input,\r\n\t\t\t\t\t\t\t\t.cf_scope_1 textarea,\r\n\t\t\t\t\t\t\t\t.cf_scope_1 select {padding:10px;}.cf_scope_1 .wpcf7 {color:#7c938b;font-size:14px;}.cf_scope_1 input:not([type=\"submit\"]), .cf_scope_1 textarea, .cf_scope_1 select {font-size:14px; line-height: normal;background-color:#d1e2dc;border-width:0px;border-radius:0px;border-color:#cccccc;color:#b2b2b6;}.cf_scope_1 input:focus, .cf_scope_1 select:focus, .cf_scope_1 select:hover, .cf_scope_1 textarea:focus, .cf_scope_1 input:not([type=\"submit\"]):hover, .cf_scope_1 textarea:hover{background-color:#def2e6;border-color:#cccccc;color:#555555;}.cf_scope_1 textarea {height:120px;}.cf_scope_1 .wpcf7-submit, .cf_scope_1 .wpcf7-submit:focus {border: 1px solid #ccc;background-color:#4caf50;border-color:#4caf50;color:#ffffff;font-size:14px;font-weight:700;padding-top:10px;padding-bottom:10px;margin-top:10px; margin-right: 0; margin-bottom:0;text-align: center;line-height: 13px;border-radius:4px;margin:10px auto 0 auto; display:block;padding-left:12px;padding-right:12px;transition: all 0.2s ease-in-out; -webkit-transition: all 0.2s ease-in-out;}.cf_scope_1 .wpcf7-submit:hover {background-color:#24af29;border-color:#24af29;color:#ffffff;}@media (max-width: 640px) {.creativo_cf7.cf_scope_1 {width: 100%;}}<\/style>\n<div class=\"wpcf7 no-js\" id=\"wpcf7-f216-o1\" lang=\"et\" dir=\"ltr\">\n<div class=\"screen-reader-response\"><p role=\"status\" aria-live=\"polite\" aria-atomic=\"true\"><\/p> <ul><\/ul><\/div>\n<form action=\"\/de\/wp-json\/wp\/v2\/pages\/226#wpcf7-f216-o1\" method=\"post\" class=\"wpcf7-form init\" aria-label=\"Contact form\" novalidate=\"novalidate\" data-status=\"init\">\n<div style=\"display: none;\">\n<input type=\"hidden\" name=\"_wpcf7\" value=\"216\" \/>\n<input type=\"hidden\" name=\"_wpcf7_version\" value=\"5.7.3\" \/>\n<input type=\"hidden\" name=\"_wpcf7_locale\" value=\"et\" \/>\n<input type=\"hidden\" name=\"_wpcf7_unit_tag\" value=\"wpcf7-f216-o1\" \/>\n<input type=\"hidden\" name=\"_wpcf7_container_post\" value=\"0\" \/>\n<input type=\"hidden\" name=\"_wpcf7_posted_data_hash\" value=\"\" \/>\n<input type=\"hidden\" name=\"_wpcf7_recaptcha_response\" value=\"\" \/>\n<\/div>\n<div class=\"vormi-valjad\">\n\t<div>\n\t\t<p><span class=\"wpcf7-form-control-wrap\" data-name=\"text-562\"><input size=\"40\" class=\"wpcf7-form-control wpcf7-text\" aria-invalid=\"false\" placeholder=\"Ihr Name\" value=\"\" type=\"text\" name=\"text-562\" \/><\/span>\n\t\t<\/p>\n\t<\/div>\n\t<div>\n\t\t<p><span class=\"wpcf7-form-control-wrap\" data-name=\"text-563\"><input size=\"40\" class=\"wpcf7-form-control wpcf7-text wpcf7-validates-as-required\" aria-required=\"true\" aria-invalid=\"false\" placeholder=\"Ihr Telefon\" value=\"\" type=\"text\" name=\"text-563\" \/><\/span>\n\t\t<\/p>\n\t<\/div>\n\t<div>\n\t\t<p><span class=\"wpcf7-form-control-wrap\" data-name=\"text-564\"><input size=\"40\" class=\"wpcf7-form-control wpcf7-text wpcf7-validates-as-required\" aria-required=\"true\" aria-invalid=\"false\" placeholder=\"Deine E-Mail*\" value=\"\" type=\"text\" name=\"text-564\" \/><\/span>\n\t\t<\/p>\n\t<\/div>\n<\/div>\n<p><span class=\"wpcf7-form-control-wrap\" data-name=\"textarea-92\"><textarea cols=\"40\" rows=\"10\" class=\"wpcf7-form-control wpcf7-textarea wpcf7-validates-as-required\" aria-required=\"true\" aria-invalid=\"false\" placeholder=\"Inhalt des Briefes\" name=\"textarea-92\"><\/textarea><\/span><br \/>\n<input class=\"wpcf7-form-control has-spinner wpcf7-submit send-btn\" type=\"submit\" value=\"E-Mail senden\" \/>\n<\/p><div class=\"wpcf7-response-output\" aria-hidden=\"true\"><\/div>\n<\/form>\n<\/div>\n<\/div>[\/vc_column][\/vc_row]\n","protected":false},"excerpt":{"rendered":"<p>[vc_row css=&#8220;.vc_custom_1675714974797{background-image: url(https:\/\/autona.ee\/wp-content\/uploads\/2023\/02\/hero-bg-scaled.jpg?id=40) !important;background-position: center !important;background-repeat: no-repeat !important;background-size: cover !important;}&#8220; el_class=&#8220;main-title&#8220;][vc_column][vc_custom_heading text=&#8220;Importe und Exporte von Neu- und Gebrauchtfahrzeugen&#8220; font_container=&#8220;tag:h1|font_size:50px|text_align:left|color:%23ffffff|line_height:63px&#8220; google_fonts=&#8220;font_family:Muli%3A300%2C300italic%2Cregular%2Citalic|font_style:400%20regular%3A400%3Anormal&#8220;][\/vc_column][\/vc_row][vc_row el_class=&#8220;second-row&#8220; section_id=&#8220;bestellung&#8220;][vc_column][vc_row_inner el_class=&#8220;ost&#8220;][vc_column_inner width=&#8220;2\/3&#8243;][vc_custom_heading text=&#8220;AUTO-BESTELLUNG&#8220; font_container=&#8220;tag:h4|font_size:16px|text_align:left|color:%23c57e2c|line_height:22px&#8220; use_theme_fonts=&#8220;yes&#8220;][vc_column_text]Bei uns k\u00f6nnen Sie das f\u00fcr Sie passende Fahrzeug bestellen. Wir besch\u00e4ftigen uns mit dem Verkauf und Transport von Personenkraftwagen, schwerem Ger\u00e4t, Wasserfahrzeugen und anderen Transportmitteln. Es gibt mehrere&#8230;<\/p>\n","protected":false},"author":1,"featured_media":0,"parent":0,"menu_order":0,"comment_status":"closed","ping_status":"closed","template":"page-full.php","meta":{"footnotes":""},"class_list":["post-226","page","type-page","status-publish","hentry"],"acf":[],"_links":{"self":[{"href":"https:\/\/autona.ee\/de\/wp-json\/wp\/v2\/pages\/226","targetHints":{"allow":["GET"]}}],"collection":[{"href":"https:\/\/autona.ee\/de\/wp-json\/wp\/v2\/pages"}],"about":[{"href":"https:\/\/autona.ee\/de\/wp-json\/wp\/v2\/types\/page"}],"author":[{"embeddable":true,"href":"https:\/\/autona.ee\/de\/wp-json\/wp\/v2\/users\/1"}],"replies":[{"embeddable":true,"href":"https:\/\/autona.ee\/de\/wp-json\/wp\/v2\/comments?post=226"}],"version-history":[{"count":7,"href":"https:\/\/autona.ee\/de\/wp-json\/wp\/v2\/pages\/226\/revisions"}],"predecessor-version":[{"id":334,"href":"https:\/\/autona.ee\/de\/wp-json\/wp\/v2\/pages\/226\/revisions\/334"}],"wp:attachment":[{"href":"https:\/\/autona.ee\/de\/wp-json\/wp\/v2\/media?parent=226"}],"curies":[{"name":"wp","href":"https:\/\/api.w.org\/{rel}","templated":true}]}}